{"id":346,"date":"2022-03-22T10:46:48","date_gmt":"2022-03-22T09:46:48","guid":{"rendered":"https:\/\/wirtschaft.hmkw.de\/blockchain\/?page_id=346"},"modified":"2025-02-19T14:30:23","modified_gmt":"2025-02-19T13:30:23","slug":"forschungsfelder_de","status":"publish","type":"page","link":"https:\/\/wirtschaft.hmkw.de\/blockchain\/forschungsfelder_de\/","title":{"rendered":"DE3: Forschungsfelder"},"content":{"rendered":"\n<p><\/p>\n\n\n\n<h2 class=\"has-text-align-center has-white-color has-black-background-color has-text-color has-background\"><strong>Forschung &amp; Entwicklung<\/strong><\/h2>\n\n\n\n<p class=\"has-medium-font-size\">Das Trust Machines Lab konzentriert sich auf die <strong>Prinzipien der Vertrauenspr\u00fcfung in zwei Arenen: Blockchain-\u00d6kosysteme und KI Agenten.<\/strong> <\/p>\n\n\n\n<p class=\"has-medium-font-size\"><strong>Wie vertrauensw\u00fcrdig sind Web3-\u00d6konomien sowie die Art und Weise, wie wir das messen? <\/strong>Wir untersuchen und bewerten die Zug\u00e4nglichkeit und Lebensf\u00e4higkeit von Blockchain-\u00d6kosystemen. Hierbei entwickeln wir Richtlinien und Modelle f\u00fcr robuste Token-\u00d6kosysteme. Wir nutzen unsere Erkenntnisse auch in Workshops, um Teilnehmer:innen auf eine Karriere im Web3 vorzubereiten.<\/p>\n\n\n\n<p class=\"has-medium-font-size\"><strong>Wie beurteilen wir KI Agenten?<\/strong> KI-unterst\u00fctzte Anwendungen sind diejenigen, an die sich die Menschen zuerst wenden, wenn sie etwas fragen oder erhalten m\u00f6chten. Wir erforschen die Auswirkungen, die das auf das Vertrauensverh\u00e4ltnis zwischen Mensch und Maschine hat \u2013 bei Individuen, Organisationen und in Gesellschaften. Dabei entwickeln wir die Prinzipien des Turing-Tests (fr\u00fcher und heute) weiter und gehen davon aus, dass die heutigen Mensch-Maschine-Interaktionen grundlegend neu interpretiert und verstanden werden m\u00fcssen.<\/p>\n\n\n\n<p class=\"has-medium-font-size\"><strong>Das allgemeine Ziel unserer Forschung<\/strong> ist es, dass die Menschen von unseren Erkenntnissen profitieren &#8211; sei es durch neue Beitr\u00e4ge zur Grundlagenforschung (Scientists), dass sie KI-gest\u00fctzte Produkte und Dienstleistungen besser nutzen k\u00f6nnen (Users) oder dass sie Produkte, Dienstleistungen und Gemeinschaften aufbauen, die von Offenheit, Belastbarkeit, Privatsph\u00e4re und verteilten Netzwerken profitieren (Builders).<\/p>\n\n\n\n<p><\/p>\n","protected":false},"excerpt":{"rendered":"<p>Forschung &amp; Entwicklung Das Trust Machines Lab konzentriert sich auf die Prinzipien der Vertrauenspr\u00fcfung in zwei Arenen: Blockchain-\u00d6kosysteme und KI Agenten. Wie vertrauensw\u00fcrdig sind Web3-\u00d6konomien sowie die Art und Weise, wie wir das messen? Wir untersuchen und bewerten die Zug\u00e4nglichkeit und Lebensf\u00e4higkeit von Blockchain-\u00d6kosystemen. Hierbei entwickeln wir Richtlinien und Modelle f\u00fcr robuste Token-\u00d6kosysteme. Wir nutzen &hellip;<\/p>\n<p class=\"read-more\"> <a class=\"\" href=\"https:\/\/wirtschaft.hmkw.de\/blockchain\/forschungsfelder_de\/\"> <span class=\"screen-reader-text\">DE3: Forschungsfelder<\/span> Weiterlesen &raquo;<\/a><\/p>\n","protected":false},"author":4,"featured_media":0,"parent":0,"menu_order":3,"comment_status":"closed","ping_status":"closed","template":"","meta":[],"_links":{"self":[{"href":"https:\/\/wirtschaft.hmkw.de\/blockchain\/wp-json\/wp\/v2\/pages\/346"}],"collection":[{"href":"https:\/\/wirtschaft.hmkw.de\/blockchain\/wp-json\/wp\/v2\/pages"}],"about":[{"href":"https:\/\/wirtschaft.hmkw.de\/blockchain\/wp-json\/wp\/v2\/types\/page"}],"author":[{"embeddable":true,"href":"https:\/\/wirtschaft.hmkw.de\/blockchain\/wp-json\/wp\/v2\/users\/4"}],"replies":[{"embeddable":true,"href":"https:\/\/wirtschaft.hmkw.de\/blockchain\/wp-json\/wp\/v2\/comments?post=346"}],"version-history":[{"count":9,"href":"https:\/\/wirtschaft.hmkw.de\/blockchain\/wp-json\/wp\/v2\/pages\/346\/revisions"}],"predecessor-version":[{"id":963,"href":"https:\/\/wirtschaft.hmkw.de\/blockchain\/wp-json\/wp\/v2\/pages\/346\/revisions\/963"}],"wp:attachment":[{"href":"https:\/\/wirtschaft.hmkw.de\/blockchain\/wp-json\/wp\/v2\/media?parent=346"}],"curies":[{"name":"wp","href":"https:\/\/api.w.org\/{rel}","templated":true}]}}