{"id":255,"date":"2022-11-21T12:28:15","date_gmt":"2022-11-21T11:28:15","guid":{"rendered":"https:\/\/wirtschaft.hmkw.de\/blockchain\/?page_id=255"},"modified":"2025-02-19T14:34:37","modified_gmt":"2025-02-19T13:34:37","slug":"start_de","status":"publish","type":"page","link":"https:\/\/wirtschaft.hmkw.de\/blockchain\/","title":{"rendered":"DE1: Start"},"content":{"rendered":"\n<p><\/p>\n\n\n\n<h2 class=\"has-text-align-center has-white-color has-black-background-color has-text-color has-background\"><strong>Trust Machines Lab<\/strong><\/h2>\n\n\n\n<p class=\"has-medium-font-size\">Im <em>Trust Machines Lab<\/em> untersuchen und entwickeln wir <strong>Grunds\u00e4tze der Vertrauenspr\u00fcfung in zwei Bereichen: Blockchain-\u00d6kosysteme<\/strong> <strong>und neue KI-Agenten<\/strong>. Dies sind dynamische Technologien, die Menschen im Privat- und Gesch\u00e4ftsleben nutzen und die daher ein tragf\u00e4higes Design erfordern.<\/p>\n\n\n\n<p class=\"has-medium-font-size\">Wir haben <strong>eine begrenzte Anzahl von Pl\u00e4tzen f\u00fcr Doktoranden, Gastwissenschaftler<\/strong> <strong>sowie Forschungsinteressierte<\/strong> aus Wissenschaft, Startups, Organisationen und Unternehmen. Bitte melden Sie Ihr Interesse beim Forschungsleiter des <em>Trust Machines Labs<\/em> unter <a href=\"mailto:t.petzold@media-university.de\" data-type=\"mailto\" data-id=\"mailto:t.petzold@media-university.de\">t.petzold(at)media-university.de<\/a><\/p>\n\n\n\n<p class=\"has-medium-font-size\">Wir bieten auch Kurse an, in denen Menschen lernen k\u00f6nnen, <strong>wie man in Web3 und mit neuen KI-Agenten auf langlebige Art und Weise baut<\/strong>, um sich auf eine Karriere in der Kryptowirtschaft oder einen Karrierewechsel vorzubereiten. Dazu geh\u00f6ren zum Beispiel das Design von Token-\u00d6kosystemen, die Modellierung von X2Earn-Umgebungen, der Aufbau von DAOs oder die Implementierung von KI-Agenten in Management und Alltag.<\/p>\n\n\n\n<ul class=\"wp-block-social-links\"><li class=\"wp-social-link wp-social-link-chain wp-block-social-link\"><a href=\"https:\/\/www.linkedin.com\/in\/tpetzold\/\" aria-label=\"\"  class=\"wp-block-social-link-anchor\"> <svg width=\"24\" height=\"24\" viewBox=\"0 0 24 24\" version=\"1.1\" xmlns=\"http:\/\/www.w3.org\/2000\/svg\" role=\"img\" aria-hidden=\"true\" focusable=\"false\"><path d=\"M19.647,16.706a1.134,1.134,0,0,0-.343-.833l-2.549-2.549a1.134,1.134,0,0,0-.833-.343,1.168,1.168,0,0,0-.883.392l.233.226q.2.189.264.264a2.922,2.922,0,0,1,.184.233.986.986,0,0,1,.159.312,1.242,1.242,0,0,1,.043.337,1.172,1.172,0,0,1-1.176,1.176,1.237,1.237,0,0,1-.337-.043,1,1,0,0,1-.312-.159,2.76,2.76,0,0,1-.233-.184q-.073-.068-.264-.264l-.226-.233a1.19,1.19,0,0,0-.4.895,1.134,1.134,0,0,0,.343.833L15.837,19.3a1.13,1.13,0,0,0,.833.331,1.18,1.18,0,0,0,.833-.318l1.8-1.789a1.12,1.12,0,0,0,.343-.821Zm-8.615-8.64a1.134,1.134,0,0,0-.343-.833L8.163,4.7a1.134,1.134,0,0,0-.833-.343,1.184,1.184,0,0,0-.833.331L4.7,6.473a1.12,1.12,0,0,0-.343.821,1.134,1.134,0,0,0,.343.833l2.549,2.549a1.13,1.13,0,0,0,.833.331,1.184,1.184,0,0,0,.883-.38L8.728,10.4q-.2-.189-.264-.264A2.922,2.922,0,0,1,8.28,9.9a.986.986,0,0,1-.159-.312,1.242,1.242,0,0,1-.043-.337A1.172,1.172,0,0,1,9.254,8.079a1.237,1.237,0,0,1,.337.043,1,1,0,0,1,.312.159,2.761,2.761,0,0,1,.233.184q.073.068.264.264l.226.233a1.19,1.19,0,0,0,.4-.895ZM22,16.706a3.343,3.343,0,0,1-1.042,2.488l-1.8,1.789a3.536,3.536,0,0,1-4.988-.025l-2.525-2.537a3.384,3.384,0,0,1-1.017-2.488,3.448,3.448,0,0,1,1.078-2.561l-1.078-1.078a3.434,3.434,0,0,1-2.549,1.078,3.4,3.4,0,0,1-2.5-1.029L3.029,9.794A3.4,3.4,0,0,1,2,7.294,3.343,3.343,0,0,1,3.042,4.806l1.8-1.789A3.384,3.384,0,0,1,7.331,2a3.357,3.357,0,0,1,2.5,1.042l2.525,2.537a3.384,3.384,0,0,1,1.017,2.488,3.448,3.448,0,0,1-1.078,2.561l1.078,1.078a3.551,3.551,0,0,1,5.049-.049l2.549,2.549A3.4,3.4,0,0,1,22,16.706Z\"><\/path><\/svg><\/a><\/li><\/ul>\n\n\n\n<p><\/p>\n","protected":false},"excerpt":{"rendered":"<p>Trust Machines Lab Im Trust Machines Lab untersuchen und entwickeln wir Grunds\u00e4tze der Vertrauenspr\u00fcfung in zwei Bereichen: Blockchain-\u00d6kosysteme und neue KI-Agenten. Dies sind dynamische Technologien, die Menschen im Privat- und Gesch\u00e4ftsleben nutzen und die daher ein tragf\u00e4higes Design erfordern. Wir haben eine begrenzte Anzahl von Pl\u00e4tzen f\u00fcr Doktoranden, Gastwissenschaftler sowie Forschungsinteressierte aus Wissenschaft, Startups, Organisationen &hellip;<\/p>\n<p class=\"read-more\"> <a class=\"\" href=\"https:\/\/wirtschaft.hmkw.de\/blockchain\/\"> <span class=\"screen-reader-text\">DE1: Start<\/span> Weiterlesen &raquo;<\/a><\/p>\n","protected":false},"author":1,"featured_media":0,"parent":0,"menu_order":1,"comment_status":"closed","ping_status":"closed","template":"","meta":[],"_links":{"self":[{"href":"https:\/\/wirtschaft.hmkw.de\/blockchain\/wp-json\/wp\/v2\/pages\/255"}],"collection":[{"href":"https:\/\/wirtschaft.hmkw.de\/blockchain\/wp-json\/wp\/v2\/pages"}],"about":[{"href":"https:\/\/wirtschaft.hmkw.de\/blockchain\/wp-json\/wp\/v2\/types\/page"}],"author":[{"embeddable":true,"href":"https:\/\/wirtschaft.hmkw.de\/blockchain\/wp-json\/wp\/v2\/users\/1"}],"replies":[{"embeddable":true,"href":"https:\/\/wirtschaft.hmkw.de\/blockchain\/wp-json\/wp\/v2\/comments?post=255"}],"version-history":[{"count":10,"href":"https:\/\/wirtschaft.hmkw.de\/blockchain\/wp-json\/wp\/v2\/pages\/255\/revisions"}],"predecessor-version":[{"id":968,"href":"https:\/\/wirtschaft.hmkw.de\/blockchain\/wp-json\/wp\/v2\/pages\/255\/revisions\/968"}],"wp:attachment":[{"href":"https:\/\/wirtschaft.hmkw.de\/blockchain\/wp-json\/wp\/v2\/media?parent=255"}],"curies":[{"name":"wp","href":"https:\/\/api.w.org\/{rel}","templated":true}]}}